{"id":116,"date":"2023-12-08T11:30:34","date_gmt":"2023-12-08T10:30:34","guid":{"rendered":"http:\/\/www.valupe.fr\/?page_id=116"},"modified":"2023-12-08T14:40:25","modified_gmt":"2023-12-08T13:40:25","slug":"upcycling","status":"publish","type":"page","link":"https:\/\/www.valupe.fr\/index.php\/upcycling\/","title":{"rendered":"UPCYCLING"},"content":{"rendered":"\t\t<div data-elementor-type=\"wp-page\" data-elementor-id=\"116\" class=\"elementor elementor-116\">\n\t\t\t\t\t\t\t<div class=\"elementor-element elementor-element-647bb91 e-flex e-con-boxed wpr-particle-no wpr-jarallax-no wpr-parallax-no wpr-sticky-section-no e-con e-parent\" data-id=\"647bb91\" data-element_type=\"container\" data-settings=\"{&quot;content_width&quot;:&quot;boxed&quot;}\" data-core-v316-plus=\"true\">\n\t\t\t\t\t<div class=\"e-con-inner\">\n\t\t\t\t<div class=\"elementor-element elementor-element-96dff50 elementor-widget elementor-widget-text-editor\" data-id=\"96dff50\" data-element_type=\"widget\" data-widget_type=\"text-editor.default\">\n\t\t\t\t<div class=\"elementor-widget-container\">\n\t\t\t<style>\/*! elementor - v3.18.0 - 06-12-2023 *\/\n.elementor-widget-text-editor.elementor-drop-cap-view-stacked .elementor-drop-cap{background-color:#69727d;color:#fff}.elementor-widget-text-editor.elementor-drop-cap-view-framed .elementor-drop-cap{color:#69727d;border:3px solid;background-color:transparent}.elementor-widget-text-editor:not(.elementor-drop-cap-view-default) .elementor-drop-cap{margin-top:8px}.elementor-widget-text-editor:not(.elementor-drop-cap-view-default) .elementor-drop-cap-letter{width:1em;height:1em}.elementor-widget-text-editor .elementor-drop-cap{float:left;text-align:center;line-height:1;font-size:50px}.elementor-widget-text-editor .elementor-drop-cap-letter{display:inline-block}<\/style>\t\t\t\t<p>Je r\u00e9utilise des perles de colliers oubli\u00e9s, vendus dans des brocantes, de fin de stock afin d\u2019\u00e9viter ainsi la cr\u00e9ation de mati\u00e8re premi\u00e8re.<\/p><p>Je donne une nouvelle vie \u00e0 des perles haut de gamme.. C&#8217;est ma fa\u00e7on cr\u00e9ative et responsable de donner une seconde vie aux objets.<\/p>\t\t\t\t\t\t<\/div>\n\t\t\t\t<\/div>\n\t\t\t\t<div class=\"elementor-element elementor-element-96ee73a elementor-widget elementor-widget-spacer\" data-id=\"96ee73a\" data-element_type=\"widget\" data-widget_type=\"spacer.default\">\n\t\t\t\t<div class=\"elementor-widget-container\">\n\t\t\t<style>\/*! elementor - v3.18.0 - 06-12-2023 *\/\n.elementor-column .elementor-spacer-inner{height:var(--spacer-size)}.e-con{--container-widget-width:100%}.e-con-inner>.elementor-widget-spacer,.e-con>.elementor-widget-spacer{width:var(--container-widget-width,var(--spacer-size));--align-self:var(--container-widget-align-self,initial);--flex-shrink:0}.e-con-inner>.elementor-widget-spacer>.elementor-widget-container,.e-con>.elementor-widget-spacer>.elementor-widget-container{height:100%;width:100%}.e-con-inner>.elementor-widget-spacer>.elementor-widget-container>.elementor-spacer,.e-con>.elementor-widget-spacer>.elementor-widget-container>.elementor-spacer{height:100%}.e-con-inner>.elementor-widget-spacer>.elementor-widget-container>.elementor-spacer>.elementor-spacer-inner,.e-con>.elementor-widget-spacer>.elementor-widget-container>.elementor-spacer>.elementor-spacer-inner{height:var(--container-widget-height,var(--spacer-size))}.e-con-inner>.elementor-widget-spacer.elementor-widget-empty,.e-con>.elementor-widget-spacer.elementor-widget-empty{position:relative;min-height:22px;min-width:22px}.e-con-inner>.elementor-widget-spacer.elementor-widget-empty .elementor-widget-empty-icon,.e-con>.elementor-widget-spacer.elementor-widget-empty .elementor-widget-empty-icon{position:absolute;top:0;bottom:0;left:0;right:0;margin:auto;padding:0;width:22px;height:22px}<\/style>\t\t<div class=\"elementor-spacer\">\n\t\t\t<div class=\"elementor-spacer-inner\"><\/div>\n\t\t<\/div>\n\t\t\t\t<\/div>\n\t\t\t\t<\/div>\n\t\t\t\t<div class=\"elementor-element elementor-element-7430091 bdt-skin-fedara-style-center elementor-widget elementor-widget-bdt-custom-gallery\" data-id=\"7430091\" data-element_type=\"widget\" data-settings=\"{&quot;columns&quot;:&quot;3&quot;,&quot;columns_tablet&quot;:&quot;2&quot;,&quot;columns_mobile&quot;:&quot;1&quot;}\" data-widget_type=\"bdt-custom-gallery.default\">\n\t\t\t\t<div class=\"elementor-widget-container\">\n\t\t\t\t\t<div id=\"bdt-custom-gallery-7430091\" class=\"bdt-custom-gallery bdt-skin-default bdt-grid bdt-grid-small\" data-bdt-lightbox=\"toggle: .bdt-gallery-lightbox-item; animation:slide;\" data-settings=\"{&quot;id&quot;:&quot;#bdt-custom-gallery-7430091&quot;,&quot;tiltShow&quot;:false}\">\r\n\t\t\t\t\t<div class=\"bdt-gallery-item bdt-transition-toggle bdt-width-1-1 bdt-width-1-2@s bdt-width-1-3@m\">\r\n\t\t\t\t<div class=\"bdt-custom-gallery-inner\">\r\n\r\n\t\t\t\t\t\r\n\t\t\t\t\t\r\n\t\t\t\t\t\t\r\n\t\t<div class=\"bdt-gallery-thumbnail\">\r\n\r\n\t\t\t<img fetchpriority=\"high\" decoding=\"async\" width=\"225\" height=\"300\" src=\"https:\/\/www.valupe.fr\/wp-content\/uploads\/2023\/12\/IMG-20231206-WA0057-225x300.jpg\" class=\"attachment-medium size-medium\" alt=\"\" srcset=\"https:\/\/www.valupe.fr\/wp-content\/uploads\/2023\/12\/IMG-20231206-WA0057-225x300.jpg 225w, https:\/\/www.valupe.fr\/wp-content\/uploads\/2023\/12\/IMG-20231206-WA0057-768x1024.jpg 768w, https:\/\/www.valupe.fr\/wp-content\/uploads\/2023\/12\/IMG-20231206-WA0057-1152x1536.jpg 1152w, https:\/\/www.valupe.fr\/wp-content\/uploads\/2023\/12\/IMG-20231206-WA0057-900x1200.jpg 900w, https:\/\/www.valupe.fr\/wp-content\/uploads\/2023\/12\/IMG-20231206-WA0057.jpg 1500w\" sizes=\"(max-width: 225px) 100vw, 225px\" \/>\r\n\t\t<\/div>\r\n\t\t\t<div class=\"bdt-overlay bdt-overlay-default bdt-position-cover bdt-transition-fade\">\r\n\t\t\t<div class=\"bdt-custom-gallery-content\">\r\n\t\t\t\t<div class=\"bdt-custom-gallery-content-inner\">\r\n\r\n\r\n\r\n\t\t\t\t\t\t\t\t\t\t\t<div class=\"bdt-flex-inline bdt-gallery-item-link-wrapper\">\r\n\t\t\t\t\t\t\t<a data-elementor-open-lightbox=\"no\" href=\"https:\/\/www.valupe.fr\/wp-content\/uploads\/2023\/12\/IMG-20231206-WA0057.jpg\" class=\"bdt-gallery-item-link bdt-gallery-lightbox-item\" data-caption=\"\">\r\n\t\t\t\t\t\t\t\t\t\t\t\t\t\t\t\t\t<i class=\"ep-icon-plus\" aria-hidden=\"true\"><\/i>\r\n\t\t\t\t\t\t\t\t\t\t\t\t\t\t\t<\/a>\r\n\t\t\t\t\t\t<\/div>\r\n\t\t\t\t\t\r\n\t\t\t\t\t\t\t<h3 class=\"bdt-gallery-item-title bdt-transition-slide-top-small\">\r\n\t\t\t\t\t<\/h3>\r\n\t\t\t<div class=\"bdt-gallery-item-text bdt-transition-slide-bottom-small\">Cr\u00e9ation perles vertes<\/div>\r\n\t\r\n\t\t\t\t<\/div>\r\n\t\t\t<\/div>\r\n\t\t<\/div>\r\n\t\r\n\t\t\t\t\t\t\t\t\t\t<\/div>\r\n\t\t\t<\/div>\r\n\r\n\t\t\t\t\t<div class=\"bdt-gallery-item bdt-transition-toggle bdt-width-1-1 bdt-width-1-2@s bdt-width-1-3@m\">\r\n\t\t\t\t<div class=\"bdt-custom-gallery-inner\">\r\n\r\n\t\t\t\t\t\r\n\t\t\t\t\t\r\n\t\t\t\t\t\t\r\n\t\t<div class=\"bdt-gallery-thumbnail\">\r\n\r\n\t\t\t<img decoding=\"async\" width=\"225\" height=\"300\" src=\"https:\/\/www.valupe.fr\/wp-content\/uploads\/2023\/12\/IMG-20231206-WA0060-225x300.jpg\" class=\"attachment-medium size-medium\" alt=\"\" srcset=\"https:\/\/www.valupe.fr\/wp-content\/uploads\/2023\/12\/IMG-20231206-WA0060-225x300.jpg 225w, https:\/\/www.valupe.fr\/wp-content\/uploads\/2023\/12\/IMG-20231206-WA0060-768x1024.jpg 768w, https:\/\/www.valupe.fr\/wp-content\/uploads\/2023\/12\/IMG-20231206-WA0060-1152x1536.jpg 1152w, https:\/\/www.valupe.fr\/wp-content\/uploads\/2023\/12\/IMG-20231206-WA0060-900x1200.jpg 900w, https:\/\/www.valupe.fr\/wp-content\/uploads\/2023\/12\/IMG-20231206-WA0060.jpg 1500w\" sizes=\"(max-width: 225px) 100vw, 225px\" \/>\r\n\t\t<\/div>\r\n\t\t\t<div class=\"bdt-overlay bdt-overlay-default bdt-position-cover bdt-transition-fade\">\r\n\t\t\t<div class=\"bdt-custom-gallery-content\">\r\n\t\t\t\t<div class=\"bdt-custom-gallery-content-inner\">\r\n\r\n\r\n\r\n\t\t\t\t\t\t\t\t\t\t\t<div class=\"bdt-flex-inline bdt-gallery-item-link-wrapper\">\r\n\t\t\t\t\t\t\t<a data-elementor-open-lightbox=\"no\" href=\"https:\/\/www.valupe.fr\/wp-content\/uploads\/2023\/12\/IMG-20231206-WA0060.jpg\" class=\"bdt-gallery-item-link bdt-gallery-lightbox-item\" data-caption=\"\">\r\n\t\t\t\t\t\t\t\t\t\t\t\t\t\t\t\t\t<i class=\"ep-icon-plus\" aria-hidden=\"true\"><\/i>\r\n\t\t\t\t\t\t\t\t\t\t\t\t\t\t\t<\/a>\r\n\t\t\t\t\t\t<\/div>\r\n\t\t\t\t\t\r\n\t\t\t\t\t\t\t<h3 class=\"bdt-gallery-item-title bdt-transition-slide-top-small\">\r\n\t\t\t\t\t<\/h3>\r\n\t\t\t<div class=\"bdt-gallery-item-text bdt-transition-slide-bottom-small\">Cr\u00e9ation perles vertes 1<\/div>\r\n\t\r\n\t\t\t\t<\/div>\r\n\t\t\t<\/div>\r\n\t\t<\/div>\r\n\t\r\n\t\t\t\t\t\t\t\t\t\t<\/div>\r\n\t\t\t<\/div>\r\n\r\n\t\t\t\t\t<div class=\"bdt-gallery-item bdt-transition-toggle bdt-width-1-1 bdt-width-1-2@s bdt-width-1-3@m\">\r\n\t\t\t\t<div class=\"bdt-custom-gallery-inner\">\r\n\r\n\t\t\t\t\t\r\n\t\t\t\t\t\r\n\t\t\t\t\t\t\r\n\t\t<div class=\"bdt-gallery-thumbnail\">\r\n\r\n\t\t\t<img decoding=\"async\" width=\"225\" height=\"300\" src=\"https:\/\/www.valupe.fr\/wp-content\/uploads\/2023\/12\/IMG-20231206-WA0061-225x300.jpg\" class=\"attachment-medium size-medium\" alt=\"\" srcset=\"https:\/\/www.valupe.fr\/wp-content\/uploads\/2023\/12\/IMG-20231206-WA0061-225x300.jpg 225w, https:\/\/www.valupe.fr\/wp-content\/uploads\/2023\/12\/IMG-20231206-WA0061-768x1024.jpg 768w, https:\/\/www.valupe.fr\/wp-content\/uploads\/2023\/12\/IMG-20231206-WA0061-1152x1536.jpg 1152w, https:\/\/www.valupe.fr\/wp-content\/uploads\/2023\/12\/IMG-20231206-WA0061-900x1200.jpg 900w, https:\/\/www.valupe.fr\/wp-content\/uploads\/2023\/12\/IMG-20231206-WA0061.jpg 1500w\" sizes=\"(max-width: 225px) 100vw, 225px\" \/>\r\n\t\t<\/div>\r\n\t\t\t<div class=\"bdt-overlay bdt-overlay-default bdt-position-cover bdt-transition-fade\">\r\n\t\t\t<div class=\"bdt-custom-gallery-content\">\r\n\t\t\t\t<div class=\"bdt-custom-gallery-content-inner\">\r\n\r\n\r\n\r\n\t\t\t\t\t\t\t\t\t\t\t<div class=\"bdt-flex-inline bdt-gallery-item-link-wrapper\">\r\n\t\t\t\t\t\t\t<a data-elementor-open-lightbox=\"no\" href=\"https:\/\/www.valupe.fr\/wp-content\/uploads\/2023\/12\/IMG-20231206-WA0061.jpg\" class=\"bdt-gallery-item-link bdt-gallery-lightbox-item\" data-caption=\"\">\r\n\t\t\t\t\t\t\t\t\t\t\t\t\t\t\t\t\t<i class=\"ep-icon-plus\" aria-hidden=\"true\"><\/i>\r\n\t\t\t\t\t\t\t\t\t\t\t\t\t\t\t<\/a>\r\n\t\t\t\t\t\t<\/div>\r\n\t\t\t\t\t\r\n\t\t\t\t\t\t\t<h3 class=\"bdt-gallery-item-title bdt-transition-slide-top-small\">\r\n\t\t\t\t\t<\/h3>\r\n\t\t\t<div class=\"bdt-gallery-item-text bdt-transition-slide-bottom-small\">Cr\u00e9ation perles vertes 2<\/div>\r\n\t\r\n\t\t\t\t<\/div>\r\n\t\t\t<\/div>\r\n\t\t<\/div>\r\n\t\r\n\t\t\t\t\t\t\t\t\t\t<\/div>\r\n\t\t\t<\/div>\r\n\r\n\t\t\t\t\t<div class=\"bdt-gallery-item bdt-transition-toggle bdt-width-1-1 bdt-width-1-2@s bdt-width-1-3@m\">\r\n\t\t\t\t<div class=\"bdt-custom-gallery-inner\">\r\n\r\n\t\t\t\t\t\r\n\t\t\t\t\t\r\n\t\t\t\t\t\t\r\n\t\t<div class=\"bdt-gallery-thumbnail\">\r\n\r\n\t\t\t<img loading=\"lazy\" decoding=\"async\" width=\"225\" height=\"300\" src=\"https:\/\/www.valupe.fr\/wp-content\/uploads\/2023\/12\/20220824_165837-225x300.jpg\" class=\"attachment-medium size-medium\" alt=\"\" srcset=\"https:\/\/www.valupe.fr\/wp-content\/uploads\/2023\/12\/20220824_165837-225x300.jpg 225w, https:\/\/www.valupe.fr\/wp-content\/uploads\/2023\/12\/20220824_165837-768x1024.jpg 768w, https:\/\/www.valupe.fr\/wp-content\/uploads\/2023\/12\/20220824_165837-1152x1536.jpg 1152w, https:\/\/www.valupe.fr\/wp-content\/uploads\/2023\/12\/20220824_165837-1536x2048.jpg 1536w, https:\/\/www.valupe.fr\/wp-content\/uploads\/2023\/12\/20220824_165837-900x1200.jpg 900w, https:\/\/www.valupe.fr\/wp-content\/uploads\/2023\/12\/20220824_165837-scaled.jpg 1920w\" sizes=\"(max-width: 225px) 100vw, 225px\" \/>\r\n\t\t<\/div>\r\n\t\t\t<div class=\"bdt-overlay bdt-overlay-default bdt-position-cover bdt-transition-fade\">\r\n\t\t\t<div class=\"bdt-custom-gallery-content\">\r\n\t\t\t\t<div class=\"bdt-custom-gallery-content-inner\">\r\n\r\n\r\n\r\n\t\t\t\t\t\t\t\t\t\t\t<div class=\"bdt-flex-inline bdt-gallery-item-link-wrapper\">\r\n\t\t\t\t\t\t\t<a data-elementor-open-lightbox=\"no\" href=\"https:\/\/www.valupe.fr\/wp-content\/uploads\/2023\/12\/20220824_165837-scaled.jpg\" class=\"bdt-gallery-item-link bdt-gallery-lightbox-item\" data-caption=\"\">\r\n\t\t\t\t\t\t\t\t\t\t\t\t\t\t\t\t\t<i class=\"ep-icon-plus\" aria-hidden=\"true\"><\/i>\r\n\t\t\t\t\t\t\t\t\t\t\t\t\t\t\t<\/a>\r\n\t\t\t\t\t\t<\/div>\r\n\t\t\t\t\t\r\n\t\t\t\t\t\t\t<h3 class=\"bdt-gallery-item-title bdt-transition-slide-top-small\">\r\n\t\t\t\t\t<\/h3>\r\n\t\t\t<div class=\"bdt-gallery-item-text bdt-transition-slide-bottom-small\"><\/div>\r\n\t\r\n\t\t\t\t<\/div>\r\n\t\t\t<\/div>\r\n\t\t<\/div>\r\n\t\r\n\t\t\t\t\t\t\t\t\t\t<\/div>\r\n\t\t\t<\/div>\r\n\r\n\t\t\t\t\t<div class=\"bdt-gallery-item bdt-transition-toggle bdt-width-1-1 bdt-width-1-2@s bdt-width-1-3@m\">\r\n\t\t\t\t<div class=\"bdt-custom-gallery-inner\">\r\n\r\n\t\t\t\t\t\r\n\t\t\t\t\t\r\n\t\t\t\t\t\t\r\n\t\t<div class=\"bdt-gallery-thumbnail\">\r\n\r\n\t\t\t<img loading=\"lazy\" decoding=\"async\" width=\"225\" height=\"300\" src=\"https:\/\/www.valupe.fr\/wp-content\/uploads\/2023\/12\/20220905_203525-225x300.jpg\" class=\"attachment-medium size-medium\" alt=\"\" srcset=\"https:\/\/www.valupe.fr\/wp-content\/uploads\/2023\/12\/20220905_203525-225x300.jpg 225w, https:\/\/www.valupe.fr\/wp-content\/uploads\/2023\/12\/20220905_203525-768x1024.jpg 768w, https:\/\/www.valupe.fr\/wp-content\/uploads\/2023\/12\/20220905_203525-1152x1536.jpg 1152w, https:\/\/www.valupe.fr\/wp-content\/uploads\/2023\/12\/20220905_203525-1536x2048.jpg 1536w, https:\/\/www.valupe.fr\/wp-content\/uploads\/2023\/12\/20220905_203525-900x1200.jpg 900w, https:\/\/www.valupe.fr\/wp-content\/uploads\/2023\/12\/20220905_203525-scaled.jpg 1920w\" sizes=\"(max-width: 225px) 100vw, 225px\" \/>\r\n\t\t<\/div>\r\n\t\t\t<div class=\"bdt-overlay bdt-overlay-default bdt-position-cover bdt-transition-fade\">\r\n\t\t\t<div class=\"bdt-custom-gallery-content\">\r\n\t\t\t\t<div class=\"bdt-custom-gallery-content-inner\">\r\n\r\n\r\n\r\n\t\t\t\t\t\t\t\t\t\t\t<div class=\"bdt-flex-inline bdt-gallery-item-link-wrapper\">\r\n\t\t\t\t\t\t\t<a data-elementor-open-lightbox=\"no\" href=\"https:\/\/www.valupe.fr\/wp-content\/uploads\/2023\/12\/20220905_203525-scaled.jpg\" class=\"bdt-gallery-item-link bdt-gallery-lightbox-item\" data-caption=\"\">\r\n\t\t\t\t\t\t\t\t\t\t\t\t\t\t\t\t\t<i class=\"ep-icon-plus\" aria-hidden=\"true\"><\/i>\r\n\t\t\t\t\t\t\t\t\t\t\t\t\t\t\t<\/a>\r\n\t\t\t\t\t\t<\/div>\r\n\t\t\t\t\t\r\n\t\t\t\t\t\t\t<h3 class=\"bdt-gallery-item-title bdt-transition-slide-top-small\">\r\n\t\t\t\t\t<\/h3>\r\n\t\t\t<div class=\"bdt-gallery-item-text bdt-transition-slide-bottom-small\"><\/div>\r\n\t\r\n\t\t\t\t<\/div>\r\n\t\t\t<\/div>\r\n\t\t<\/div>\r\n\t\r\n\t\t\t\t\t\t\t\t\t\t<\/div>\r\n\t\t\t<\/div>\r\n\r\n\t\t\t\t\t<div class=\"bdt-gallery-item bdt-transition-toggle bdt-width-1-1 bdt-width-1-2@s bdt-width-1-3@m\">\r\n\t\t\t\t<div class=\"bdt-custom-gallery-inner\">\r\n\r\n\t\t\t\t\t\r\n\t\t\t\t\t\r\n\t\t\t\t\t\t\r\n\t\t<div class=\"bdt-gallery-thumbnail\">\r\n\r\n\t\t\t<img loading=\"lazy\" decoding=\"async\" width=\"225\" height=\"300\" src=\"https:\/\/www.valupe.fr\/wp-content\/uploads\/2023\/12\/20220227_145653-225x300.jpg\" class=\"attachment-medium size-medium\" alt=\"\" srcset=\"https:\/\/www.valupe.fr\/wp-content\/uploads\/2023\/12\/20220227_145653-225x300.jpg 225w, https:\/\/www.valupe.fr\/wp-content\/uploads\/2023\/12\/20220227_145653-768x1024.jpg 768w, https:\/\/www.valupe.fr\/wp-content\/uploads\/2023\/12\/20220227_145653-1152x1536.jpg 1152w, https:\/\/www.valupe.fr\/wp-content\/uploads\/2023\/12\/20220227_145653-1536x2048.jpg 1536w, https:\/\/www.valupe.fr\/wp-content\/uploads\/2023\/12\/20220227_145653-900x1200.jpg 900w, https:\/\/www.valupe.fr\/wp-content\/uploads\/2023\/12\/20220227_145653-scaled.jpg 1920w\" sizes=\"(max-width: 225px) 100vw, 225px\" \/>\r\n\t\t<\/div>\r\n\t\t\t<div class=\"bdt-overlay bdt-overlay-default bdt-position-cover bdt-transition-fade\">\r\n\t\t\t<div class=\"bdt-custom-gallery-content\">\r\n\t\t\t\t<div class=\"bdt-custom-gallery-content-inner\">\r\n\r\n\r\n\r\n\t\t\t\t\t\t\t\t\t\t\t<div class=\"bdt-flex-inline bdt-gallery-item-link-wrapper\">\r\n\t\t\t\t\t\t\t<a data-elementor-open-lightbox=\"no\" href=\"https:\/\/www.valupe.fr\/wp-content\/uploads\/2023\/12\/20220227_145653-scaled.jpg\" class=\"bdt-gallery-item-link bdt-gallery-lightbox-item\" data-caption=\"\">\r\n\t\t\t\t\t\t\t\t\t\t\t\t\t\t\t\t\t<i class=\"ep-icon-plus\" aria-hidden=\"true\"><\/i>\r\n\t\t\t\t\t\t\t\t\t\t\t\t\t\t\t<\/a>\r\n\t\t\t\t\t\t<\/div>\r\n\t\t\t\t\t\r\n\t\t\t\t\t\t\t<h3 class=\"bdt-gallery-item-title bdt-transition-slide-top-small\">\r\n\t\t\t\t\t<\/h3>\r\n\t\t\t<div class=\"bdt-gallery-item-text bdt-transition-slide-bottom-small\"><\/div>\r\n\t\r\n\t\t\t\t<\/div>\r\n\t\t\t<\/div>\r\n\t\t<\/div>\r\n\t\r\n\t\t\t\t\t\t\t\t\t\t<\/div>\r\n\t\t\t<\/div>\r\n\r\n\t\t\r\n\t\t<\/div>\r\n\t\t\t\t<\/div>\n\t\t\t\t<\/div>\n\t\t\t\t\t<\/div>\n\t\t\t\t<\/div>\n\t\t<div class=\"elementor-element elementor-element-3224087 e-flex e-con-boxed wpr-particle-no wpr-jarallax-no wpr-parallax-no wpr-sticky-section-no e-con e-parent\" data-id=\"3224087\" data-element_type=\"container\" data-settings=\"{&quot;content_width&quot;:&quot;boxed&quot;}\" data-core-v316-plus=\"true\">\n\t\t\t\t\t<div class=\"e-con-inner\">\n\t\t\t\t<div class=\"elementor-element elementor-element-d20b2dd elementor-widget elementor-widget-spacer\" data-id=\"d20b2dd\" data-element_type=\"widget\" data-widget_type=\"spacer.default\">\n\t\t\t\t<div class=\"elementor-widget-container\">\n\t\t\t\t\t<div class=\"elementor-spacer\">\n\t\t\t<div class=\"elementor-spacer-inner\"><\/div>\n\t\t<\/div>\n\t\t\t\t<\/div>\n\t\t\t\t<\/div>\n\t\t\t\t\t<\/div>\n\t\t\t\t<\/div>\n\t\t<div class=\"elementor-element elementor-element-c77eae9 e-flex e-con-boxed wpr-particle-no wpr-jarallax-no wpr-parallax-no wpr-sticky-section-no e-con e-parent\" data-id=\"c77eae9\" data-element_type=\"container\" data-settings=\"{&quot;content_width&quot;:&quot;boxed&quot;}\" data-core-v316-plus=\"true\">\n\t\t\t\t\t<div class=\"e-con-inner\">\n\t\t\t\t<div class=\"elementor-element elementor-element-f086c55 elementor-widget elementor-widget-image\" data-id=\"f086c55\" data-element_type=\"widget\" data-widget_type=\"image.default\">\n\t\t\t\t<div class=\"elementor-widget-container\">\n\t\t\t<style>\/*! elementor - v3.18.0 - 06-12-2023 *\/\n.elementor-widget-image{text-align:center}.elementor-widget-image a{display:inline-block}.elementor-widget-image a img[src$=\".svg\"]{width:48px}.elementor-widget-image img{vertical-align:middle;display:inline-block}<\/style>\t\t\t\t\t\t\t\t\t\t\t\t<img decoding=\"async\" src=\"https:\/\/www.valupe.fr\/wp-content\/uploads\/2023\/12\/20220227_155826-scaled.jpg\" title=\"20220227_155826\" alt=\"20220227_155826\" loading=\"lazy\" \/>\t\t\t\t\t\t\t\t\t\t\t\t\t\t\t<\/div>\n\t\t\t\t<\/div>\n\t\t\t\t\t<\/div>\n\t\t\t\t<\/div>\n\t\t\t\t\t\t\t<\/div>\n\t\t","protected":false},"excerpt":{"rendered":"<p>Je r\u00e9utilise des perles de colliers oubli\u00e9s, vendus dans des brocantes, de fin de stock afin d\u2019\u00e9viter ainsi la cr\u00e9ation de mati\u00e8re premi\u00e8re. Je donne&hellip;<\/p>\n","protected":false},"author":1,"featured_media":0,"parent":0,"menu_order":0,"comment_status":"closed","ping_status":"closed","template":"","meta":{"footnotes":""},"class_list":["post-116","page","type-page","status-publish","hentry"],"_links":{"self":[{"href":"https:\/\/www.valupe.fr\/index.php\/wp-json\/wp\/v2\/pages\/116","targetHints":{"allow":["GET"]}}],"collection":[{"href":"https:\/\/www.valupe.fr\/index.php\/wp-json\/wp\/v2\/pages"}],"about":[{"href":"https:\/\/www.valupe.fr\/index.php\/wp-json\/wp\/v2\/types\/page"}],"author":[{"embeddable":true,"href":"https:\/\/www.valupe.fr\/index.php\/wp-json\/wp\/v2\/users\/1"}],"replies":[{"embeddable":true,"href":"https:\/\/www.valupe.fr\/index.php\/wp-json\/wp\/v2\/comments?post=116"}],"version-history":[{"count":13,"href":"https:\/\/www.valupe.fr\/index.php\/wp-json\/wp\/v2\/pages\/116\/revisions"}],"predecessor-version":[{"id":183,"href":"https:\/\/www.valupe.fr\/index.php\/wp-json\/wp\/v2\/pages\/116\/revisions\/183"}],"wp:attachment":[{"href":"https:\/\/www.valupe.fr\/index.php\/wp-json\/wp\/v2\/media?parent=116"}],"curies":[{"name":"wp","href":"https:\/\/api.w.org\/{rel}","templated":true}]}}